{"id":1964,"date":"2021-07-01T17:53:59","date_gmt":"2021-07-01T17:53:59","guid":{"rendered":"https:\/\/desaj.uqam.ca\/?page_id=1964"},"modified":"2022-08-17T19:55:52","modified_gmt":"2022-08-17T19:55:52","slug":"completed","status":"publish","type":"page","link":"https:\/\/marieaudeboislard.uqam.ca\/en\/research-projects\/completed\/","title":{"rendered":"Completed research projects"},"content":{"rendered":"","protected":false},"excerpt":{"rendered":"","protected":false},"author":1,"featured_media":0,"parent":490,"menu_order":0,"comment_status":"closed","ping_status":"closed","template":"","meta":{"footnotes":""},"categories":[],"class_list":["post-1964","page","type-page","status-publish","hentry"],"yoast_head":"<!-- This site is optimized with the Yoast SEO Premium plugin v27.4 (Yoast SEO v27.5) - https:\/\/yoast.com\/product\/yoast-seo-premium-wordpress\/ -->\n<title>Completed research projects | Chaire de recherche du Canada en sexologie d\u00e9veloppementale | UQAM<\/title>\n<meta name=\"robots\" content=\"index, follow, max-snippet:-1, max-image-preview:large, max-video-preview:-1\" \/>\n<link rel=\"canonical\" href=\"https:\/\/marieaudeboislard.uqam.ca\/en\/research-projects\/completed\/\" \/>\n<meta property=\"og:locale\" content=\"en_US\" \/>\n<meta property=\"og:type\" content=\"article\" \/>\n<meta property=\"og:title\" content=\"Completed research projects\" \/>\n<meta property=\"og:url\" content=\"https:\/\/marieaudeboislard.uqam.ca\/en\/research-projects\/completed\/\" \/>\n<meta property=\"og:site_name\" content=\"Chaire de recherche du Canada en sexologie d\u00e9veloppementale\" \/>\n<meta property=\"article:modified_time\" content=\"2022-08-17T19:55:52+00:00\" \/>\n<meta name=\"twitter:card\" content=\"summary_large_image\" \/>\n<script type=\"application\/ld+json\" class=\"yoast-schema-graph\">{\"@context\":\"https:\\\/\\\/schema.org\",\"@graph\":[{\"@type\":\"WebPage\",\"@id\":\"https:\\\/\\\/marieaudeboislard.uqam.ca\\\/en\\\/research-projects\\\/completed\\\/\",\"url\":\"https:\\\/\\\/marieaudeboislard.uqam.ca\\\/en\\\/research-projects\\\/completed\\\/\",\"name\":\"Completed research projects | Chaire de recherche du Canada en sexologie d\u00e9veloppementale | UQAM\",\"isPartOf\":{\"@id\":\"https:\\\/\\\/marieaudeboislard.uqam.ca\\\/#website\"},\"datePublished\":\"2021-07-01T17:53:59+00:00\",\"dateModified\":\"2022-08-17T19:55:52+00:00\",\"breadcrumb\":{\"@id\":\"https:\\\/\\\/marieaudeboislard.uqam.ca\\\/en\\\/research-projects\\\/completed\\\/#breadcrumb\"},\"inLanguage\":\"en-US\",\"potentialAction\":[{\"@type\":\"ReadAction\",\"target\":[\"https:\\\/\\\/marieaudeboislard.uqam.ca\\\/en\\\/research-projects\\\/completed\\\/\"]}]},{\"@type\":\"BreadcrumbList\",\"@id\":\"https:\\\/\\\/marieaudeboislard.uqam.ca\\\/en\\\/research-projects\\\/completed\\\/#breadcrumb\",\"itemListElement\":[{\"@type\":\"ListItem\",\"position\":1,\"name\":\"UQAM\",\"item\":\"https:\\\/\\\/uqam.ca\"},{\"@type\":\"ListItem\",\"position\":2,\"name\":\"Chaire de recherche du Canada en sexologie d\u00e9veloppementale\",\"item\":\"https:\\\/\\\/marieaudeboislard.uqam.ca\\\/en\\\/\"},{\"@type\":\"ListItem\",\"position\":3,\"name\":\"Research projects\",\"item\":\"https:\\\/\\\/marieaudeboislard.uqam.ca\\\/en\\\/research-projects\\\/\"},{\"@type\":\"ListItem\",\"position\":4,\"name\":\"Completed research projects\"}]},{\"@type\":\"WebSite\",\"@id\":\"https:\\\/\\\/marieaudeboislard.uqam.ca\\\/#website\",\"url\":\"https:\\\/\\\/marieaudeboislard.uqam.ca\\\/\",\"name\":\"Chaire de recherche du Canada en sexologie d\u00e9veloppementale\",\"description\":\"\",\"publisher\":{\"@id\":\"https:\\\/\\\/marieaudeboislard.uqam.ca\\\/#organization\"},\"potentialAction\":[{\"@type\":\"SearchAction\",\"target\":{\"@type\":\"EntryPoint\",\"urlTemplate\":\"https:\\\/\\\/marieaudeboislard.uqam.ca\\\/en\\\/\\\/recherche\\\/?q={search_term_string}\"},\"query-input\":{\"@type\":\"PropertyValueSpecification\",\"valueRequired\":true,\"valueName\":\"search_term_string\"}}],\"inLanguage\":\"en-US\"},{\"@type\":\"Organization\",\"@id\":\"https:\\\/\\\/marieaudeboislard.uqam.ca\\\/#organization\",\"name\":\"Chaire de recherche en sexologie d\u00e9veloppementale\",\"url\":\"https:\\\/\\\/marieaudeboislard.uqam.ca\\\/\",\"logo\":{\"@type\":\"ImageObject\",\"inLanguage\":\"en-US\",\"@id\":\"https:\\\/\\\/marieaudeboislard.uqam.ca\\\/#\\\/schema\\\/logo\\\/image\\\/\",\"url\":\"https:\\\/\\\/gabarit-adaptatif.uqam.ca\\\/statique\\\/images\\\/logo-uqam.jpg\",\"contentUrl\":\"\",\"caption\":\"Chaire de recherche en sexologie d\u00e9veloppementale\"},\"image\":{\"@id\":\"https:\\\/\\\/marieaudeboislard.uqam.ca\\\/#\\\/schema\\\/logo\\\/image\\\/\"},\"parentOrganization\":{\"@type\":\"EducationalOrganization\",\"@id\":\"https:\\\/\\\/uqam.ca\\\/#organization\",\"name\":\"Universit\u00e9 du Qu\u00e9bec \u00e0 Montr\u00e9al\",\"url\":\"https:\\\/\\\/uqam.ca\",\"alternateName\":\"UQAM\",\"logo\":\"https:\\\/\\\/gabarit-adaptatif.uqam.ca\\\/statique\\\/images\\\/logo-uqam.jpg\"}}]}<\/script>\n<!-- \/ Yoast SEO Premium plugin. -->","yoast_head_json":{"title":"Completed research projects | Chaire de recherche du Canada en sexologie d\u00e9veloppementale | UQAM","robots":{"index":"index","follow":"follow","max-snippet":"max-snippet:-1","max-image-preview":"max-image-preview:large","max-video-preview":"max-video-preview:-1"},"canonical":"https:\/\/marieaudeboislard.uqam.ca\/en\/research-projects\/completed\/","og_locale":"en_US","og_type":"article","og_title":"Completed research projects","og_url":"https:\/\/marieaudeboislard.uqam.ca\/en\/research-projects\/completed\/","og_site_name":"Chaire de recherche du Canada en sexologie d\u00e9veloppementale","article_modified_time":"2022-08-17T19:55:52+00:00","twitter_card":"summary_large_image","schema":{"@context":"https:\/\/schema.org","@graph":[{"@type":"WebPage","@id":"https:\/\/marieaudeboislard.uqam.ca\/en\/research-projects\/completed\/","url":"https:\/\/marieaudeboislard.uqam.ca\/en\/research-projects\/completed\/","name":"Completed research projects | Chaire de recherche du Canada en sexologie d\u00e9veloppementale | UQAM","isPartOf":{"@id":"https:\/\/marieaudeboislard.uqam.ca\/#website"},"datePublished":"2021-07-01T17:53:59+00:00","dateModified":"2022-08-17T19:55:52+00:00","breadcrumb":{"@id":"https:\/\/marieaudeboislard.uqam.ca\/en\/research-projects\/completed\/#breadcrumb"},"inLanguage":"en-US","potentialAction":[{"@type":"ReadAction","target":["https:\/\/marieaudeboislard.uqam.ca\/en\/research-projects\/completed\/"]}]},{"@type":"BreadcrumbList","@id":"https:\/\/marieaudeboislard.uqam.ca\/en\/research-projects\/completed\/#breadcrumb","itemListElement":[{"@type":"ListItem","position":1,"name":"UQAM","item":"https:\/\/uqam.ca"},{"@type":"ListItem","position":2,"name":"Chaire de recherche du Canada en sexologie d\u00e9veloppementale","item":"https:\/\/marieaudeboislard.uqam.ca\/en\/"},{"@type":"ListItem","position":3,"name":"Research projects","item":"https:\/\/marieaudeboislard.uqam.ca\/en\/research-projects\/"},{"@type":"ListItem","position":4,"name":"Completed research projects"}]},{"@type":"WebSite","@id":"https:\/\/marieaudeboislard.uqam.ca\/#website","url":"https:\/\/marieaudeboislard.uqam.ca\/","name":"Chaire de recherche du Canada en sexologie d\u00e9veloppementale","description":"","publisher":{"@id":"https:\/\/marieaudeboislard.uqam.ca\/#organization"},"potentialAction":[{"@type":"SearchAction","target":{"@type":"EntryPoint","urlTemplate":"https:\/\/marieaudeboislard.uqam.ca\/en\/\/recherche\/?q={search_term_string}"},"query-input":{"@type":"PropertyValueSpecification","valueRequired":true,"valueName":"search_term_string"}}],"inLanguage":"en-US"},{"@type":"Organization","@id":"https:\/\/marieaudeboislard.uqam.ca\/#organization","name":"Chaire de recherche en sexologie d\u00e9veloppementale","url":"https:\/\/marieaudeboislard.uqam.ca\/","logo":{"@type":"ImageObject","inLanguage":"en-US","@id":"https:\/\/marieaudeboislard.uqam.ca\/#\/schema\/logo\/image\/","url":"https:\/\/gabarit-adaptatif.uqam.ca\/statique\/images\/logo-uqam.jpg","contentUrl":"","caption":"Chaire de recherche en sexologie d\u00e9veloppementale"},"image":{"@id":"https:\/\/marieaudeboislard.uqam.ca\/#\/schema\/logo\/image\/"},"parentOrganization":{"@type":"EducationalOrganization","@id":"https:\/\/uqam.ca\/#organization","name":"Universit\u00e9 du Qu\u00e9bec \u00e0 Montr\u00e9al","url":"https:\/\/uqam.ca","alternateName":"UQAM","logo":"https:\/\/gabarit-adaptatif.uqam.ca\/statique\/images\/logo-uqam.jpg"}}]}},"_links":{"self":[{"href":"https:\/\/marieaudeboislard.uqam.ca\/en\/wp-json\/wp\/v2\/pages\/1964","targetHints":{"allow":["GET"]}}],"collection":[{"href":"https:\/\/marieaudeboislard.uqam.ca\/en\/wp-json\/wp\/v2\/pages"}],"about":[{"href":"https:\/\/marieaudeboislard.uqam.ca\/en\/wp-json\/wp\/v2\/types\/page"}],"author":[{"embeddable":true,"href":"https:\/\/marieaudeboislard.uqam.ca\/en\/wp-json\/wp\/v2\/users\/1"}],"replies":[{"embeddable":true,"href":"https:\/\/marieaudeboislard.uqam.ca\/en\/wp-json\/wp\/v2\/comments?post=1964"}],"version-history":[{"count":2,"href":"https:\/\/marieaudeboislard.uqam.ca\/en\/wp-json\/wp\/v2\/pages\/1964\/revisions"}],"predecessor-version":[{"id":4287,"href":"https:\/\/marieaudeboislard.uqam.ca\/en\/wp-json\/wp\/v2\/pages\/1964\/revisions\/4287"}],"up":[{"embeddable":true,"href":"https:\/\/marieaudeboislard.uqam.ca\/en\/wp-json\/wp\/v2\/pages\/490"}],"wp:attachment":[{"href":"https:\/\/marieaudeboislard.uqam.ca\/en\/wp-json\/wp\/v2\/media?parent=1964"}],"wp:term":[{"taxonomy":"category","embeddable":true,"href":"https:\/\/marieaudeboislard.uqam.ca\/en\/wp-json\/wp\/v2\/categories?post=1964"}],"curies":[{"name":"wp","href":"https:\/\/api.w.org\/{rel}","templated":true}]}}