{"id":2114,"date":"2021-08-09T01:04:22","date_gmt":"2021-08-09T01:04:22","guid":{"rendered":"https:\/\/desaj.uqam.ca\/?page_id=2114"},"modified":"2023-10-25T03:30:45","modified_gmt":"2023-10-25T03:30:45","slug":"epidemio","status":"publish","type":"page","link":"https:\/\/marieaudeboislard.uqam.ca\/en\/research-projects\/completed\/epidemio\/","title":{"rendered":"\u00c9pid\u00e9mio Research Project"},"content":{"rendered":"\n<div class=\"wp-block-pb-accordion-item c-accordion__item js-accordion-item no-js\"><h2 id=\"at-21140\" class=\"c-accordion__title js-accordion-controller\" role=\"button\">Project Objectives<\/h2><div id=\"ac-21140\" class=\"c-accordion__content\">\n<p>Sexual dysfunctions are common among the adult population and are associated with a decrease in the quality of life and sexual-relational satisfaction. However, there is no recent and representative data on the prevalence of sexual dysfunctions in the Quebec population, as well as their sociodemographic correlates<\/p>\n\n\n\n<p>Led by the <a href=\"https:\/\/www.facebook.com\/LaboEROSS\" target=\"_blank\" rel=\"noreferrer noopener\">EROSS Laboratory<\/a>, the \u00c9pid\u00e9mio project includes two preliminary components before submitting a grant application to the Canadian Institutes of Health Research (CIHR):<\/p>\n\n\n\n<p><strong>Component 1<\/strong>: Conduct an online cross-sectional survey to estimate the prevalence rates for each sexual dysfunction and the associated sociodemographic factors.<\/p>\n\n\n\n<p><strong>Component 2<\/strong>: Consult clinicians and researchers in sexual health to identify priority areas for obtaining population-based data.<\/p>\n<\/div><\/div>\n\n\n\n<div class=\"wp-block-pb-accordion-item c-accordion__item js-accordion-item no-js\"><h2 id=\"at-21141\" class=\"c-accordion__title js-accordion-controller\" role=\"button\">Project Evolution<\/h2><div id=\"ac-21141\" class=\"c-accordion__content\">\n<p><strong>Principal Researcher<\/strong>: <a href=\"https:\/\/professeurs.uqam.ca\/professeur\/lafortune-sgambato.david\/\" target=\"_blank\" rel=\"noreferrer noopener\">David Lafortune<\/a>, Ph.D.<br><strong>Co-researchers<\/strong>: Mathieu Philibert, Ph.D., <a href=\"https:\/\/natachagodbout.com\/fr\/equipe\/natacha-godbout\" target=\"_blank\" rel=\"noreferrer noopener\">Natacha Godbout<\/a>, Ph.D., <a href=\"https:\/\/marieaudeboislard.uqam.ca\/qui-sommes-nous\/marie-aude-boislard-ph-d\/profil\/\">Marie-Aude Boislard<\/a>, Ph.D.<br><strong>Research Assistance<\/strong>: Pierre-Andr\u00e9 Marquis, M.A. (Candidate), M\u00e9lissa Morin, B.Sc. (Candidate).<br><strong>Funding<\/strong>: This research project has received financial support from the Faculty of Social Sciences at UQAM.<\/p>\n\n\n\n<div class=\"wp-block-columns is-layout-flex wp-container-core-columns-is-layout-9d6595d7 wp-block-columns-is-layout-flex\">\n<div class=\"wp-block-column is-layout-flow wp-block-column-is-layout-flow\"><div class=\"wp-block-image\">\n<figure class=\"aligncenter size-large is-resized\"><img loading=\"lazy\" decoding=\"async\" src=\"https:\/\/marieaudeboislard.uqam.ca\/wp-content\/uploads\/sites\/54\/2023\/03\/laboratoire_EROSS-1024x489.jpg\" alt=\"\" class=\"wp-image-7260\" width=\"256\" height=\"122\" srcset=\"https:\/\/marieaudeboislard.uqam.ca\/wp-content\/uploads\/sites\/54\/2023\/03\/laboratoire_EROSS-1024x489.jpg 1024w, https:\/\/marieaudeboislard.uqam.ca\/wp-content\/uploads\/sites\/54\/2023\/03\/laboratoire_EROSS-300x143.jpg 300w, https:\/\/marieaudeboislard.uqam.ca\/wp-content\/uploads\/sites\/54\/2023\/03\/laboratoire_EROSS-768x366.jpg 768w, https:\/\/marieaudeboislard.uqam.ca\/wp-content\/uploads\/sites\/54\/2023\/03\/laboratoire_EROSS-1536x733.jpg 1536w, https:\/\/marieaudeboislard.uqam.ca\/wp-content\/uploads\/sites\/54\/2023\/03\/laboratoire_EROSS-2048x977.jpg 2048w\" sizes=\"auto, (max-width: 256px) 100vw, 256px\" \/><\/figure>\n<\/div><\/div>\n\n\n\n<div class=\"wp-block-column is-vertically-aligned-center is-layout-flow wp-block-column-is-layout-flow\"><div class=\"wp-block-image\">\n<figure class=\"aligncenter size-full\"><img loading=\"lazy\" decoding=\"async\" width=\"578\" height=\"87\" src=\"https:\/\/marieaudeboislard.uqam.ca\/wp-content\/uploads\/sites\/54\/2022\/08\/fsh-4.png\" alt=\"\" class=\"wp-image-5354\" srcset=\"https:\/\/marieaudeboislard.uqam.ca\/wp-content\/uploads\/sites\/54\/2022\/08\/fsh-4.png 578w, https:\/\/marieaudeboislard.uqam.ca\/wp-content\/uploads\/sites\/54\/2022\/08\/fsh-4-300x45.png 300w\" sizes=\"auto, (max-width: 578px) 100vw, 578px\" \/><\/figure>\n<\/div><\/div>\n<\/div>\n<\/div><\/div>\n\n\n\n<div class=\"wp-block-pb-accordion-item c-accordion__item js-accordion-item no-js\"><h2 id=\"at-21145\" class=\"c-accordion__title js-accordion-controller\" role=\"button\">For More Information<\/h2><div id=\"ac-21145\" class=\"c-accordion__content\">\n<p><a href=\"mailto:lafortune-sgambato.david@uqam.ca\">David Lafortune-Sgambato<\/a>, Ph.D.<\/p>\n<\/div><\/div>\n\n\n\n<div style=\"height:10px\" aria-hidden=\"true\" class=\"wp-block-spacer\"><\/div>\n\n\n\n<div style=\"height:50px\" aria-hidden=\"true\" class=\"wp-block-spacer\"><\/div>\n\n\n\n<div class=\"heateor_sss_sharing_container heateor_sss_horizontal_sharing\" data-heateor-ss-offset=\"0\" data-heateor-sss-href='https:\/\/marieaudeboislard.uqam.ca\/en\/research-projects\/completed\/epidemio\/'><div class=\"heateor_sss_sharing_title\" style=\"font-weight:bold\">Share<\/div><div class=\"heateor_sss_sharing_ul\"><a aria-label=\"Facebook\" class=\"heateor_sss_facebook\" href=\"https:\/\/www.facebook.com\/sharer\/sharer.php?u=https%3A%2F%2Fmarieaudeboislard.uqam.ca%2Fen%2Fresearch-projects%2Fcompleted%2Fepidemio%2F\" title=\"Facebook\" rel=\"nofollow noopener\" target=\"_blank\" style=\"font-size:32px!important;box-shadow:none;display:inline-block;vertical-align:middle\"><span class=\"heateor_sss_svg\" style=\"background-color:#0765FE;width:35px;height:35px;border-radius:999px;display:inline-block;opacity:1;float:left;font-size:32px;box-shadow:none;display:inline-block;font-size:16px;padding:0 4px;vertical-align:middle;background-repeat:repeat;overflow:hidden;padding:0;cursor:pointer;box-sizing:content-box\"><svg style=\"display:block;border-radius:999px;\" focusable=\"false\" aria-hidden=\"true\" xmlns=\"http:\/\/www.w3.org\/2000\/svg\" width=\"100%\" height=\"100%\" viewBox=\"0 0 32 32\"><path fill=\"#fff\" d=\"M28 16c0-6.627-5.373-12-12-12S4 9.373 4 16c0 5.628 3.875 10.35 9.101 11.647v-7.98h-2.474V16H13.1v-1.58c0-4.085 1.849-5.978 5.859-5.978.76 0 2.072.15 2.608.298v3.325c-.283-.03-.775-.045-1.386-.045-1.967 0-2.728.745-2.728 2.683V16h3.92l-.673 3.667h-3.247v8.245C23.395 27.195 28 22.135 28 16Z\"><\/path><\/svg><\/span><\/a><a aria-label=\"Instagram\" class=\"heateor_sss_button_instagram\" href=\"https:\/\/www.instagram.com\/\" title=\"Instagram\" rel=\"nofollow noopener\" target=\"_blank\" style=\"font-size:32px!important;box-shadow:none;display:inline-block;vertical-align:middle\"><span class=\"heateor_sss_svg\" style=\"background-color:#53beee;width:35px;height:35px;border-radius:999px;display:inline-block;opacity:1;float:left;font-size:32px;box-shadow:none;display:inline-block;font-size:16px;padding:0 4px;vertical-align:middle;background-repeat:repeat;overflow:hidden;padding:0;cursor:pointer;box-sizing:content-box\"><svg style=\"display:block;border-radius:999px;\" version=\"1.1\" viewBox=\"-10 -10 148 148\" width=\"100%\" height=\"100%\" xml:space=\"preserve\" xmlns=\"http:\/\/www.w3.org\/2000\/svg\" xmlns:xlink=\"http:\/\/www.w3.org\/1999\/xlink\"><g><g><path d=\"M86,112H42c-14.336,0-26-11.663-26-26V42c0-14.337,11.664-26,26-26h44c14.337,0,26,11.663,26,26v44 C112,100.337,100.337,112,86,112z M42,24c-9.925,0-18,8.074-18,18v44c0,9.925,8.075,18,18,18h44c9.926,0,18-8.075,18-18V42 c0-9.926-8.074-18-18-18H42z\" fill=\"#fff\"><\/path><\/g><g><path d=\"M64,88c-13.234,0-24-10.767-24-24c0-13.234,10.766-24,24-24s24,10.766,24,24C88,77.233,77.234,88,64,88z M64,48c-8.822,0-16,7.178-16,16s7.178,16,16,16c8.822,0,16-7.178,16-16S72.822,48,64,48z\" fill=\"#fff\"><\/path><\/g><g><circle cx=\"89.5\" cy=\"38.5\" fill=\"#fff\" r=\"5.5\"><\/circle><\/g><\/g><\/svg><\/span><\/a><a aria-label=\"Twitter\" class=\"heateor_sss_button_twitter\" href=\"https:\/\/twitter.com\/intent\/tweet?text=%C3%89pid%C3%A9mio%20Research%20Project&url=https%3A%2F%2Fmarieaudeboislard.uqam.ca%2Fen%2Fresearch-projects%2Fcompleted%2Fepidemio%2F\" title=\"Twitter\" rel=\"nofollow noopener\" target=\"_blank\" style=\"font-size:32px!important;box-shadow:none;display:inline-block;vertical-align:middle\"><span class=\"heateor_sss_svg heateor_sss_s__default heateor_sss_s_twitter\" style=\"background-color:#55acee;width:35px;height:35px;border-radius:999px;display:inline-block;opacity:1;float:left;font-size:32px;box-shadow:none;display:inline-block;font-size:16px;padding:0 4px;vertical-align:middle;background-repeat:repeat;overflow:hidden;padding:0;cursor:pointer;box-sizing:content-box\"><svg style=\"display:block;border-radius:999px;\" focusable=\"false\" aria-hidden=\"true\" xmlns=\"http:\/\/www.w3.org\/2000\/svg\" width=\"100%\" height=\"100%\" viewBox=\"-4 -4 39 39\"><path d=\"M28 8.557a9.913 9.913 0 0 1-2.828.775 4.93 4.93 0 0 0 2.166-2.725 9.738 9.738 0 0 1-3.13 1.194 4.92 4.92 0 0 0-3.593-1.55 4.924 4.924 0 0 0-4.794 6.049c-4.09-.21-7.72-2.17-10.15-5.15a4.942 4.942 0 0 0-.665 2.477c0 1.71.87 3.214 2.19 4.1a4.968 4.968 0 0 1-2.23-.616v.06c0 2.39 1.7 4.38 3.952 4.83-.414.115-.85.174-1.297.174-.318 0-.626-.03-.928-.086a4.935 4.935 0 0 0 4.6 3.42 9.893 9.893 0 0 1-6.114 2.107c-.398 0-.79-.023-1.175-.068a13.953 13.953 0 0 0 7.55 2.213c9.056 0 14.01-7.507 14.01-14.013 0-.213-.005-.426-.015-.637.96-.695 1.795-1.56 2.455-2.55z\" fill=\"#fff\"><\/path><\/svg><\/span><\/a><a aria-label=\"Linkedin\" class=\"heateor_sss_button_linkedin\" href=\"https:\/\/www.linkedin.com\/sharing\/share-offsite\/?url=https%3A%2F%2Fmarieaudeboislard.uqam.ca%2Fen%2Fresearch-projects%2Fcompleted%2Fepidemio%2F\" title=\"Linkedin\" rel=\"nofollow noopener\" target=\"_blank\" style=\"font-size:32px!important;box-shadow:none;display:inline-block;vertical-align:middle\"><span class=\"heateor_sss_svg heateor_sss_s__default heateor_sss_s_linkedin\" style=\"background-color:#0077b5;width:35px;height:35px;border-radius:999px;display:inline-block;opacity:1;float:left;font-size:32px;box-shadow:none;display:inline-block;font-size:16px;padding:0 4px;vertical-align:middle;background-repeat:repeat;overflow:hidden;padding:0;cursor:pointer;box-sizing:content-box\"><svg style=\"display:block;border-radius:999px;\" focusable=\"false\" aria-hidden=\"true\" xmlns=\"http:\/\/www.w3.org\/2000\/svg\" width=\"100%\" height=\"100%\" viewBox=\"0 0 32 32\"><path d=\"M6.227 12.61h4.19v13.48h-4.19V12.61zm2.095-6.7a2.43 2.43 0 0 1 0 4.86c-1.344 0-2.428-1.09-2.428-2.43s1.084-2.43 2.428-2.43m4.72 6.7h4.02v1.84h.058c.56-1.058 1.927-2.176 3.965-2.176 4.238 0 5.02 2.792 5.02 6.42v7.395h-4.183v-6.56c0-1.564-.03-3.574-2.178-3.574-2.18 0-2.514 1.7-2.514 3.46v6.668h-4.187V12.61z\" fill=\"#fff\"><\/path><\/svg><\/span><\/a><\/div><div class=\"heateorSssClear\"><\/div><\/div>\n","protected":false},"excerpt":{"rendered":"","protected":false},"author":1,"featured_media":0,"parent":1964,"menu_order":0,"comment_status":"closed","ping_status":"closed","template":"","meta":{"footnotes":""},"categories":[],"class_list":["post-2114","page","type-page","status-publish","hentry"],"yoast_head":"<!-- This site is optimized with the Yoast SEO Premium plugin v27.4 (Yoast SEO v27.5) - https:\/\/yoast.com\/product\/yoast-seo-premium-wordpress\/ -->\n<title>\u00c9pid\u00e9mio Research Project | Chaire de recherche du Canada en sexologie d\u00e9veloppementale | UQAM<\/title>\n<meta name=\"robots\" content=\"index, follow, max-snippet:-1, max-image-preview:large, max-video-preview:-1\" \/>\n<link rel=\"canonical\" href=\"https:\/\/marieaudeboislard.uqam.ca\/en\/research-projects\/completed\/epidemio\/\" \/>\n<meta property=\"og:locale\" content=\"en_US\" \/>\n<meta property=\"og:type\" content=\"article\" \/>\n<meta property=\"og:title\" content=\"\u00c9pid\u00e9mio Research Project\" \/>\n<meta property=\"og:url\" content=\"https:\/\/marieaudeboislard.uqam.ca\/en\/research-projects\/completed\/epidemio\/\" \/>\n<meta property=\"og:site_name\" content=\"Chaire de recherche du Canada en sexologie d\u00e9veloppementale\" \/>\n<meta property=\"article:modified_time\" content=\"2023-10-25T03:30:45+00:00\" \/>\n<meta property=\"og:image\" content=\"https:\/\/marieaudeboislard.uqam.ca\/wp-content\/uploads\/sites\/54\/2023\/03\/laboratoire_EROSS-1024x489.jpg\" \/>\n<meta name=\"twitter:card\" content=\"summary_large_image\" \/>\n<meta name=\"twitter:label1\" content=\"Est. reading time\" \/>\n\t<meta name=\"twitter:data1\" content=\"2 minutes\" \/>\n<script type=\"application\/ld+json\" class=\"yoast-schema-graph\">{\"@context\":\"https:\\\/\\\/schema.org\",\"@graph\":[{\"@type\":\"WebPage\",\"@id\":\"https:\\\/\\\/marieaudeboislard.uqam.ca\\\/en\\\/research-projects\\\/completed\\\/epidemio\\\/\",\"url\":\"https:\\\/\\\/marieaudeboislard.uqam.ca\\\/en\\\/research-projects\\\/completed\\\/epidemio\\\/\",\"name\":\"\u00c9pid\u00e9mio Research Project | Chaire de recherche du Canada en sexologie d\u00e9veloppementale | UQAM\",\"isPartOf\":{\"@id\":\"https:\\\/\\\/marieaudeboislard.uqam.ca\\\/#website\"},\"primaryImageOfPage\":{\"@id\":\"https:\\\/\\\/marieaudeboislard.uqam.ca\\\/en\\\/research-projects\\\/completed\\\/epidemio\\\/#primaryimage\"},\"image\":{\"@id\":\"https:\\\/\\\/marieaudeboislard.uqam.ca\\\/en\\\/research-projects\\\/completed\\\/epidemio\\\/#primaryimage\"},\"thumbnailUrl\":\"https:\\\/\\\/marieaudeboislard.uqam.ca\\\/wp-content\\\/uploads\\\/sites\\\/54\\\/2023\\\/03\\\/laboratoire_EROSS-1024x489.jpg\",\"datePublished\":\"2021-08-09T01:04:22+00:00\",\"dateModified\":\"2023-10-25T03:30:45+00:00\",\"breadcrumb\":{\"@id\":\"https:\\\/\\\/marieaudeboislard.uqam.ca\\\/en\\\/research-projects\\\/completed\\\/epidemio\\\/#breadcrumb\"},\"inLanguage\":\"en-US\",\"potentialAction\":[{\"@type\":\"ReadAction\",\"target\":[\"https:\\\/\\\/marieaudeboislard.uqam.ca\\\/en\\\/research-projects\\\/completed\\\/epidemio\\\/\"]}]},{\"@type\":\"ImageObject\",\"inLanguage\":\"en-US\",\"@id\":\"https:\\\/\\\/marieaudeboislard.uqam.ca\\\/en\\\/research-projects\\\/completed\\\/epidemio\\\/#primaryimage\",\"url\":\"https:\\\/\\\/marieaudeboislard.uqam.ca\\\/wp-content\\\/uploads\\\/sites\\\/54\\\/2023\\\/03\\\/laboratoire_EROSS-1024x489.jpg\",\"contentUrl\":\"https:\\\/\\\/marieaudeboislard.uqam.ca\\\/wp-content\\\/uploads\\\/sites\\\/54\\\/2023\\\/03\\\/laboratoire_EROSS-1024x489.jpg\"},{\"@type\":\"BreadcrumbList\",\"@id\":\"https:\\\/\\\/marieaudeboislard.uqam.ca\\\/en\\\/research-projects\\\/completed\\\/epidemio\\\/#breadcrumb\",\"itemListElement\":[{\"@type\":\"ListItem\",\"position\":1,\"name\":\"UQAM\",\"item\":\"https:\\\/\\\/uqam.ca\"},{\"@type\":\"ListItem\",\"position\":2,\"name\":\"Chaire de recherche du Canada en sexologie d\u00e9veloppementale\",\"item\":\"https:\\\/\\\/marieaudeboislard.uqam.ca\\\/en\\\/\"},{\"@type\":\"ListItem\",\"position\":3,\"name\":\"Research projects\",\"item\":\"https:\\\/\\\/marieaudeboislard.uqam.ca\\\/en\\\/research-projects\\\/\"},{\"@type\":\"ListItem\",\"position\":4,\"name\":\"Completed research projects\",\"item\":\"https:\\\/\\\/marieaudeboislard.uqam.ca\\\/en\\\/research-projects\\\/completed\\\/\"},{\"@type\":\"ListItem\",\"position\":5,\"name\":\"\u00c9pid\u00e9mio Research Project\"}]},{\"@type\":\"WebSite\",\"@id\":\"https:\\\/\\\/marieaudeboislard.uqam.ca\\\/#website\",\"url\":\"https:\\\/\\\/marieaudeboislard.uqam.ca\\\/\",\"name\":\"Chaire de recherche du Canada en sexologie d\u00e9veloppementale\",\"description\":\"\",\"publisher\":{\"@id\":\"https:\\\/\\\/marieaudeboislard.uqam.ca\\\/#organization\"},\"potentialAction\":[{\"@type\":\"SearchAction\",\"target\":{\"@type\":\"EntryPoint\",\"urlTemplate\":\"https:\\\/\\\/marieaudeboislard.uqam.ca\\\/en\\\/\\\/recherche\\\/?q={search_term_string}\"},\"query-input\":{\"@type\":\"PropertyValueSpecification\",\"valueRequired\":true,\"valueName\":\"search_term_string\"}}],\"inLanguage\":\"en-US\"},{\"@type\":\"Organization\",\"@id\":\"https:\\\/\\\/marieaudeboislard.uqam.ca\\\/#organization\",\"name\":\"Chaire de recherche en sexologie d\u00e9veloppementale\",\"url\":\"https:\\\/\\\/marieaudeboislard.uqam.ca\\\/\",\"logo\":{\"@type\":\"ImageObject\",\"inLanguage\":\"en-US\",\"@id\":\"https:\\\/\\\/marieaudeboislard.uqam.ca\\\/#\\\/schema\\\/logo\\\/image\\\/\",\"url\":\"https:\\\/\\\/gabarit-adaptatif.uqam.ca\\\/statique\\\/images\\\/logo-uqam.jpg\",\"contentUrl\":\"\",\"caption\":\"Chaire de recherche en sexologie d\u00e9veloppementale\"},\"image\":{\"@id\":\"https:\\\/\\\/marieaudeboislard.uqam.ca\\\/#\\\/schema\\\/logo\\\/image\\\/\"},\"parentOrganization\":{\"@type\":\"EducationalOrganization\",\"@id\":\"https:\\\/\\\/uqam.ca\\\/#organization\",\"name\":\"Universit\u00e9 du Qu\u00e9bec \u00e0 Montr\u00e9al\",\"url\":\"https:\\\/\\\/uqam.ca\",\"alternateName\":\"UQAM\",\"logo\":\"https:\\\/\\\/gabarit-adaptatif.uqam.ca\\\/statique\\\/images\\\/logo-uqam.jpg\"}}]}<\/script>\n<!-- \/ Yoast SEO Premium plugin. -->","yoast_head_json":{"title":"\u00c9pid\u00e9mio Research Project | Chaire de recherche du Canada en sexologie d\u00e9veloppementale | UQAM","robots":{"index":"index","follow":"follow","max-snippet":"max-snippet:-1","max-image-preview":"max-image-preview:large","max-video-preview":"max-video-preview:-1"},"canonical":"https:\/\/marieaudeboislard.uqam.ca\/en\/research-projects\/completed\/epidemio\/","og_locale":"en_US","og_type":"article","og_title":"\u00c9pid\u00e9mio Research Project","og_url":"https:\/\/marieaudeboislard.uqam.ca\/en\/research-projects\/completed\/epidemio\/","og_site_name":"Chaire de recherche du Canada en sexologie d\u00e9veloppementale","article_modified_time":"2023-10-25T03:30:45+00:00","og_image":[{"url":"https:\/\/marieaudeboislard.uqam.ca\/wp-content\/uploads\/sites\/54\/2023\/03\/laboratoire_EROSS-1024x489.jpg","type":"","width":"","height":""}],"twitter_card":"summary_large_image","twitter_misc":{"Est. reading time":"2 minutes"},"schema":{"@context":"https:\/\/schema.org","@graph":[{"@type":"WebPage","@id":"https:\/\/marieaudeboislard.uqam.ca\/en\/research-projects\/completed\/epidemio\/","url":"https:\/\/marieaudeboislard.uqam.ca\/en\/research-projects\/completed\/epidemio\/","name":"\u00c9pid\u00e9mio Research Project | Chaire de recherche du Canada en sexologie d\u00e9veloppementale | UQAM","isPartOf":{"@id":"https:\/\/marieaudeboislard.uqam.ca\/#website"},"primaryImageOfPage":{"@id":"https:\/\/marieaudeboislard.uqam.ca\/en\/research-projects\/completed\/epidemio\/#primaryimage"},"image":{"@id":"https:\/\/marieaudeboislard.uqam.ca\/en\/research-projects\/completed\/epidemio\/#primaryimage"},"thumbnailUrl":"https:\/\/marieaudeboislard.uqam.ca\/wp-content\/uploads\/sites\/54\/2023\/03\/laboratoire_EROSS-1024x489.jpg","datePublished":"2021-08-09T01:04:22+00:00","dateModified":"2023-10-25T03:30:45+00:00","breadcrumb":{"@id":"https:\/\/marieaudeboislard.uqam.ca\/en\/research-projects\/completed\/epidemio\/#breadcrumb"},"inLanguage":"en-US","potentialAction":[{"@type":"ReadAction","target":["https:\/\/marieaudeboislard.uqam.ca\/en\/research-projects\/completed\/epidemio\/"]}]},{"@type":"ImageObject","inLanguage":"en-US","@id":"https:\/\/marieaudeboislard.uqam.ca\/en\/research-projects\/completed\/epidemio\/#primaryimage","url":"https:\/\/marieaudeboislard.uqam.ca\/wp-content\/uploads\/sites\/54\/2023\/03\/laboratoire_EROSS-1024x489.jpg","contentUrl":"https:\/\/marieaudeboislard.uqam.ca\/wp-content\/uploads\/sites\/54\/2023\/03\/laboratoire_EROSS-1024x489.jpg"},{"@type":"BreadcrumbList","@id":"https:\/\/marieaudeboislard.uqam.ca\/en\/research-projects\/completed\/epidemio\/#breadcrumb","itemListElement":[{"@type":"ListItem","position":1,"name":"UQAM","item":"https:\/\/uqam.ca"},{"@type":"ListItem","position":2,"name":"Chaire de recherche du Canada en sexologie d\u00e9veloppementale","item":"https:\/\/marieaudeboislard.uqam.ca\/en\/"},{"@type":"ListItem","position":3,"name":"Research projects","item":"https:\/\/marieaudeboislard.uqam.ca\/en\/research-projects\/"},{"@type":"ListItem","position":4,"name":"Completed research projects","item":"https:\/\/marieaudeboislard.uqam.ca\/en\/research-projects\/completed\/"},{"@type":"ListItem","position":5,"name":"\u00c9pid\u00e9mio Research Project"}]},{"@type":"WebSite","@id":"https:\/\/marieaudeboislard.uqam.ca\/#website","url":"https:\/\/marieaudeboislard.uqam.ca\/","name":"Chaire de recherche du Canada en sexologie d\u00e9veloppementale","description":"","publisher":{"@id":"https:\/\/marieaudeboislard.uqam.ca\/#organization"},"potentialAction":[{"@type":"SearchAction","target":{"@type":"EntryPoint","urlTemplate":"https:\/\/marieaudeboislard.uqam.ca\/en\/\/recherche\/?q={search_term_string}"},"query-input":{"@type":"PropertyValueSpecification","valueRequired":true,"valueName":"search_term_string"}}],"inLanguage":"en-US"},{"@type":"Organization","@id":"https:\/\/marieaudeboislard.uqam.ca\/#organization","name":"Chaire de recherche en sexologie d\u00e9veloppementale","url":"https:\/\/marieaudeboislard.uqam.ca\/","logo":{"@type":"ImageObject","inLanguage":"en-US","@id":"https:\/\/marieaudeboislard.uqam.ca\/#\/schema\/logo\/image\/","url":"https:\/\/gabarit-adaptatif.uqam.ca\/statique\/images\/logo-uqam.jpg","contentUrl":"","caption":"Chaire de recherche en sexologie d\u00e9veloppementale"},"image":{"@id":"https:\/\/marieaudeboislard.uqam.ca\/#\/schema\/logo\/image\/"},"parentOrganization":{"@type":"EducationalOrganization","@id":"https:\/\/uqam.ca\/#organization","name":"Universit\u00e9 du Qu\u00e9bec \u00e0 Montr\u00e9al","url":"https:\/\/uqam.ca","alternateName":"UQAM","logo":"https:\/\/gabarit-adaptatif.uqam.ca\/statique\/images\/logo-uqam.jpg"}}]}},"_links":{"self":[{"href":"https:\/\/marieaudeboislard.uqam.ca\/en\/wp-json\/wp\/v2\/pages\/2114","targetHints":{"allow":["GET"]}}],"collection":[{"href":"https:\/\/marieaudeboislard.uqam.ca\/en\/wp-json\/wp\/v2\/pages"}],"about":[{"href":"https:\/\/marieaudeboislard.uqam.ca\/en\/wp-json\/wp\/v2\/types\/page"}],"author":[{"embeddable":true,"href":"https:\/\/marieaudeboislard.uqam.ca\/en\/wp-json\/wp\/v2\/users\/1"}],"replies":[{"embeddable":true,"href":"https:\/\/marieaudeboislard.uqam.ca\/en\/wp-json\/wp\/v2\/comments?post=2114"}],"version-history":[{"count":5,"href":"https:\/\/marieaudeboislard.uqam.ca\/en\/wp-json\/wp\/v2\/pages\/2114\/revisions"}],"predecessor-version":[{"id":8027,"href":"https:\/\/marieaudeboislard.uqam.ca\/en\/wp-json\/wp\/v2\/pages\/2114\/revisions\/8027"}],"up":[{"embeddable":true,"href":"https:\/\/marieaudeboislard.uqam.ca\/en\/wp-json\/wp\/v2\/pages\/1964"}],"wp:attachment":[{"href":"https:\/\/marieaudeboislard.uqam.ca\/en\/wp-json\/wp\/v2\/media?parent=2114"}],"wp:term":[{"taxonomy":"category","embeddable":true,"href":"https:\/\/marieaudeboislard.uqam.ca\/en\/wp-json\/wp\/v2\/categories?post=2114"}],"curies":[{"name":"wp","href":"https:\/\/api.w.org\/{rel}","templated":true}]}}