{"id":473,"date":"2016-11-13T23:38:24","date_gmt":"2016-11-13T23:38:24","guid":{"rendered":"https:\/\/desaj.uqam.ca\/?page_id=473&#038;lang=en"},"modified":"2022-08-08T17:44:54","modified_gmt":"2022-08-08T17:44:54","slug":"medias-2","status":"publish","type":"page","link":"https:\/\/marieaudeboislard.uqam.ca\/en\/diffusion\/medias-2\/","title":{"rendered":"Medias"},"content":{"rendered":"\n<figure class=\"wp-block-image size-large\"><img loading=\"lazy\" decoding=\"async\" width=\"1024\" height=\"265\" src=\"https:\/\/marieaudeboislard.uqam.ca\/wp-content\/uploads\/sites\/54\/2022\/08\/banniere_media-1-1024x265.png\" alt=\"\" class=\"wp-image-3639\" srcset=\"https:\/\/marieaudeboislard.uqam.ca\/wp-content\/uploads\/sites\/54\/2022\/08\/banniere_media-1-1024x265.png 1024w, https:\/\/marieaudeboislard.uqam.ca\/wp-content\/uploads\/sites\/54\/2022\/08\/banniere_media-1-300x78.png 300w, https:\/\/marieaudeboislard.uqam.ca\/wp-content\/uploads\/sites\/54\/2022\/08\/banniere_media-1-768x199.png 768w, https:\/\/marieaudeboislard.uqam.ca\/wp-content\/uploads\/sites\/54\/2022\/08\/banniere_media-1-1536x398.png 1536w, https:\/\/marieaudeboislard.uqam.ca\/wp-content\/uploads\/sites\/54\/2022\/08\/banniere_media-1-2048x531.png 2048w\" sizes=\"auto, (max-width: 1024px) 100vw, 1024px\" \/><\/figure>\n\n\n\n<h2 class=\"wp-block-heading\"><a href=\"https:\/\/www.pressreader.com\/canada\/chatelaine-2858\/20220701\/283691188206022\">Vierge \u00e0 20 ans, et alors ?<\/a><\/h2>\n\n\n\n<p>Brief written by Chlo\u00e9 Machillot in Ch\u00e2telaine, Plan\u00e8te Femme section (July 1st, 2022)<\/p>\n\n\n\n<h2 class=\"wp-block-heading\"><a href=\"http:\/\/montrealgazette.com\/news\/montreal-study-looks-at-women-who-remain-virgins-later-than-most\">Montreal study looks at women who remain virgins later than most<\/a><\/h2>\n\n\n\n<p>Article published by Susan Schwartz in Montreal Gazette (February 10th, 2018)<\/p>\n\n\n\n<h2 class=\"wp-block-heading\"><a href=\"https:\/\/www.actualites.uqam.ca\/2017\/une-etude-panquebecoise-sur-la-sante-sexuelle-des-jeunes-adultes-brise-certains-mythes?utm_campaign=UQAMHEBDO&amp;utm_medium=email&amp;utm_source=27SEP2017&amp;utm_content=une-etude-panquebecoise-sur-la-sante-sexuelle-des-jeunes-adultes-brise-certains-mythes\">La sexualit\u00e9 au XXIe si\u00e8cle<\/a><\/h2>\n\n\n\n<p>Article published by Pierre-Etienne Caza in Actualit\u00e9s UQAM (September 22nd, 2017)<\/p>\n\n\n\n<h2 class=\"wp-block-heading\"><a href=\"https:\/\/www.reseaucontact.com\/blogue\/comment-entreprendre-des-rencontres-amoureuses-lorsquon-est-encore-vierge-30-ans\/\">Comment entreprendre des rencontres amoureuses lorsqu\u2019on est encore vierge \u00e0 30 ans?<\/a><\/h2>\n\n\n\n<p>Article published by&nbsp;Marie-Claude Veillette in R\u00e9seau Contact|Le blogue (June 30th, 2017)<\/p>\n\n\n\n<h2 class=\"wp-block-heading\"><a href=\"http:\/\/montrealcampus.ca\/2017\/02\/chastete-desiree\/\">Chastet\u00e9 d\u00e9sir\u00e9e:&nbsp;\u00c0 l\u2019\u00e8re de la libert\u00e9 sexuelle de plus en plus assum\u00e9e certains jeunes choisissent l\u2019abstinence par conviction religieuse<\/a><\/h2>\n\n\n\n<p>Article published by Matisse Harvey in Montr\u00e9al Campus (February 14th, 2017)<\/p>\n\n\n\n<h2 class=\"wp-block-heading\"><a href=\"http:\/\/fr.chatelaine.com\/societe\/milleniaux-lamour-na-pas-de-sexe\/\">Chez les mill\u00e9niaux, l\u2019amour n\u2019a pas de sexe<\/a><\/h2>\n\n\n\n<p>Article published by Isabelle Gr\u00e9goire in Ch\u00e2telaine (January 31st, 2017)<\/p>\n\n\n\n<h2 class=\"wp-block-heading\"><a href=\"https:\/\/desaj.uqam.ca\/medias\/\">Expertise sur la bisexualit\u00e9 chez les adultes \u00e9mergents<\/a><\/h2>\n\n\n\n<p>Contribution at the TV Show Entr\u00e9e principale, Radio-Canada (November 19th, 2015)<\/p>\n\n\n\n<h2 class=\"wp-block-heading\"><a href=\"http:\/\/lactualite.com\/societe\/2015\/09\/14\/la-nouvelle-revolution-sexuelle\/\">La nouvelle r\u00e9volution sexuelle?<\/a><\/h2>\n\n\n\n<p>Article published by Catherine Dub\u00e9 in L&#8217;Actualit\u00e9 (September 14th, 2015)<\/p>\n\n\n\n<h2 class=\"wp-block-heading\"><a href=\"http:\/\/www.lapresse.ca\/vivre\/sexualite\/201506\/12\/01-4877573-tabou-la-virginite.php\" target=\"_blank\" rel=\"noopener\">Tabou, la virginit\u00e9?<\/a><\/h2>\n\n\n\n<p>Article published by&nbsp;Silvia Galipeau in&nbsp;La Presse (June 13th, 2015)<\/p>\n\n\n\n<h2 class=\"wp-block-heading\"><a href=\"http:\/\/www.planetef.com\/dossier\/education-sexuelle-trop-peu-trop-tard\/la-virginite-est-elle-un-mythe\/\" target=\"_blank\" rel=\"noopener\">La virginit\u00e9 est-elle un mythe ?<\/a><\/h2>\n\n\n\n<p>Article published by&nbsp;Sarah Poulin-Chartrand on&nbsp;Plan\u00e8te F (February 23th, 2015)<\/p>\n\n\n\n<h2 class=\"wp-block-heading\"><a href=\"https:\/\/desaj.uqam.ca\/medias\/\">Le r\u00f4le des m\u00e9dias sociaux dans les relations amoureuses et sexuelles des jeunes adultes<\/a><\/h2>\n\n\n\n<p>Article published in Actualit\u00e9s UQAM (February 18th, 2014)<\/p>\n\n\n\n<h2 class=\"wp-block-heading\"><a href=\"http:\/\/www.actualites.uqam.ca\/2014\/sexe-amour-et-internet-les-resultats\" target=\"_blank\" rel=\"noopener\">Sexe, amour et internet : les r\u00e9sultats<\/a><\/h2>\n\n\n\n<p>Article published by Marie-Claude Bourdon in&nbsp;Actualit\u00e9s UQAM (updated on February 14th, 2014)<\/p>\n\n\n\n<h2 class=\"wp-block-heading\"><a href=\"http:\/\/anemonefilms.com\/portfolio\/y-generation-plaisir\/\">Y : G\u00e9n\u00e9ration plaisir<\/a><\/h2>\n\n\n\n<p>Documentary about the sexuality of adolescents from the Y generation, presented on Canal Vie (March 27th, 2013)<\/p>\n\n\n\n<h2 class=\"wp-block-heading\"><a href=\"http:\/\/www.lapresse.ca\/vivre\/sexualite\/201202\/20\/01-4497711-zoom-sur-les-ados-full-sexe.php\" target=\"_blank\" rel=\"noopener\">Zoom sur les ados \u00ab full sexe \u00bb<\/a><\/h2>\n\n\n\n<p>Article published by Sophie Allard in&nbsp;La Presse (February 20th, 2012)<\/p>\n\n\n\n<div style=\"height:60px\" aria-hidden=\"true\" class=\"wp-block-spacer\"><\/div>\n\n\n\n<div class=\"heateor_sss_sharing_container heateor_sss_horizontal_sharing\" data-heateor-ss-offset=\"0\" data-heateor-sss-href='https:\/\/marieaudeboislard.uqam.ca\/en\/diffusion\/medias-2\/'><div class=\"heateor_sss_sharing_title\" style=\"font-weight:bold\">Share<\/div><div class=\"heateor_sss_sharing_ul\"><a aria-label=\"Facebook\" class=\"heateor_sss_facebook\" href=\"https:\/\/www.facebook.com\/sharer\/sharer.php?u=https%3A%2F%2Fmarieaudeboislard.uqam.ca%2Fen%2Fdiffusion%2Fmedias-2%2F\" title=\"Facebook\" rel=\"nofollow noopener\" target=\"_blank\" style=\"font-size:32px!important;box-shadow:none;display:inline-block;vertical-align:middle\"><span class=\"heateor_sss_svg\" style=\"background-color:#0765FE;width:35px;height:35px;border-radius:999px;display:inline-block;opacity:1;float:left;font-size:32px;box-shadow:none;display:inline-block;font-size:16px;padding:0 4px;vertical-align:middle;background-repeat:repeat;overflow:hidden;padding:0;cursor:pointer;box-sizing:content-box\"><svg style=\"display:block;border-radius:999px;\" focusable=\"false\" aria-hidden=\"true\" xmlns=\"http:\/\/www.w3.org\/2000\/svg\" width=\"100%\" height=\"100%\" viewBox=\"0 0 32 32\"><path fill=\"#fff\" d=\"M28 16c0-6.627-5.373-12-12-12S4 9.373 4 16c0 5.628 3.875 10.35 9.101 11.647v-7.98h-2.474V16H13.1v-1.58c0-4.085 1.849-5.978 5.859-5.978.76 0 2.072.15 2.608.298v3.325c-.283-.03-.775-.045-1.386-.045-1.967 0-2.728.745-2.728 2.683V16h3.92l-.673 3.667h-3.247v8.245C23.395 27.195 28 22.135 28 16Z\"><\/path><\/svg><\/span><\/a><a aria-label=\"Instagram\" class=\"heateor_sss_button_instagram\" href=\"https:\/\/www.instagram.com\/\" title=\"Instagram\" rel=\"nofollow noopener\" target=\"_blank\" style=\"font-size:32px!important;box-shadow:none;display:inline-block;vertical-align:middle\"><span class=\"heateor_sss_svg\" style=\"background-color:#53beee;width:35px;height:35px;border-radius:999px;display:inline-block;opacity:1;float:left;font-size:32px;box-shadow:none;display:inline-block;font-size:16px;padding:0 4px;vertical-align:middle;background-repeat:repeat;overflow:hidden;padding:0;cursor:pointer;box-sizing:content-box\"><svg style=\"display:block;border-radius:999px;\" version=\"1.1\" viewBox=\"-10 -10 148 148\" width=\"100%\" height=\"100%\" xml:space=\"preserve\" xmlns=\"http:\/\/www.w3.org\/2000\/svg\" xmlns:xlink=\"http:\/\/www.w3.org\/1999\/xlink\"><g><g><path d=\"M86,112H42c-14.336,0-26-11.663-26-26V42c0-14.337,11.664-26,26-26h44c14.337,0,26,11.663,26,26v44 C112,100.337,100.337,112,86,112z M42,24c-9.925,0-18,8.074-18,18v44c0,9.925,8.075,18,18,18h44c9.926,0,18-8.075,18-18V42 c0-9.926-8.074-18-18-18H42z\" fill=\"#fff\"><\/path><\/g><g><path d=\"M64,88c-13.234,0-24-10.767-24-24c0-13.234,10.766-24,24-24s24,10.766,24,24C88,77.233,77.234,88,64,88z M64,48c-8.822,0-16,7.178-16,16s7.178,16,16,16c8.822,0,16-7.178,16-16S72.822,48,64,48z\" fill=\"#fff\"><\/path><\/g><g><circle cx=\"89.5\" cy=\"38.5\" fill=\"#fff\" r=\"5.5\"><\/circle><\/g><\/g><\/svg><\/span><\/a><a aria-label=\"Twitter\" class=\"heateor_sss_button_twitter\" href=\"https:\/\/twitter.com\/intent\/tweet?text=Medias&url=https%3A%2F%2Fmarieaudeboislard.uqam.ca%2Fen%2Fdiffusion%2Fmedias-2%2F\" title=\"Twitter\" rel=\"nofollow noopener\" target=\"_blank\" style=\"font-size:32px!important;box-shadow:none;display:inline-block;vertical-align:middle\"><span class=\"heateor_sss_svg heateor_sss_s__default heateor_sss_s_twitter\" style=\"background-color:#55acee;width:35px;height:35px;border-radius:999px;display:inline-block;opacity:1;float:left;font-size:32px;box-shadow:none;display:inline-block;font-size:16px;padding:0 4px;vertical-align:middle;background-repeat:repeat;overflow:hidden;padding:0;cursor:pointer;box-sizing:content-box\"><svg style=\"display:block;border-radius:999px;\" focusable=\"false\" aria-hidden=\"true\" xmlns=\"http:\/\/www.w3.org\/2000\/svg\" width=\"100%\" height=\"100%\" viewBox=\"-4 -4 39 39\"><path d=\"M28 8.557a9.913 9.913 0 0 1-2.828.775 4.93 4.93 0 0 0 2.166-2.725 9.738 9.738 0 0 1-3.13 1.194 4.92 4.92 0 0 0-3.593-1.55 4.924 4.924 0 0 0-4.794 6.049c-4.09-.21-7.72-2.17-10.15-5.15a4.942 4.942 0 0 0-.665 2.477c0 1.71.87 3.214 2.19 4.1a4.968 4.968 0 0 1-2.23-.616v.06c0 2.39 1.7 4.38 3.952 4.83-.414.115-.85.174-1.297.174-.318 0-.626-.03-.928-.086a4.935 4.935 0 0 0 4.6 3.42 9.893 9.893 0 0 1-6.114 2.107c-.398 0-.79-.023-1.175-.068a13.953 13.953 0 0 0 7.55 2.213c9.056 0 14.01-7.507 14.01-14.013 0-.213-.005-.426-.015-.637.96-.695 1.795-1.56 2.455-2.55z\" fill=\"#fff\"><\/path><\/svg><\/span><\/a><a aria-label=\"Linkedin\" class=\"heateor_sss_button_linkedin\" href=\"https:\/\/www.linkedin.com\/sharing\/share-offsite\/?url=https%3A%2F%2Fmarieaudeboislard.uqam.ca%2Fen%2Fdiffusion%2Fmedias-2%2F\" title=\"Linkedin\" rel=\"nofollow noopener\" target=\"_blank\" style=\"font-size:32px!important;box-shadow:none;display:inline-block;vertical-align:middle\"><span class=\"heateor_sss_svg heateor_sss_s__default heateor_sss_s_linkedin\" style=\"background-color:#0077b5;width:35px;height:35px;border-radius:999px;display:inline-block;opacity:1;float:left;font-size:32px;box-shadow:none;display:inline-block;font-size:16px;padding:0 4px;vertical-align:middle;background-repeat:repeat;overflow:hidden;padding:0;cursor:pointer;box-sizing:content-box\"><svg style=\"display:block;border-radius:999px;\" focusable=\"false\" aria-hidden=\"true\" xmlns=\"http:\/\/www.w3.org\/2000\/svg\" width=\"100%\" height=\"100%\" viewBox=\"0 0 32 32\"><path d=\"M6.227 12.61h4.19v13.48h-4.19V12.61zm2.095-6.7a2.43 2.43 0 0 1 0 4.86c-1.344 0-2.428-1.09-2.428-2.43s1.084-2.43 2.428-2.43m4.72 6.7h4.02v1.84h.058c.56-1.058 1.927-2.176 3.965-2.176 4.238 0 5.02 2.792 5.02 6.42v7.395h-4.183v-6.56c0-1.564-.03-3.574-2.178-3.574-2.18 0-2.514 1.7-2.514 3.46v6.668h-4.187V12.61z\" fill=\"#fff\"><\/path><\/svg><\/span><\/a><\/div><div class=\"heateorSssClear\"><\/div><\/div>\n\n\n\n<p><\/p>\n","protected":false},"excerpt":{"rendered":"<p>Vierge \u00e0 20 ans, et alors ? Brief written by Chlo\u00e9 Machillot in Ch\u00e2telaine, Plan\u00e8te Femme section (July 1st, 2022) Montreal study looks at women who remain virgins later than most Article published by Susan Schwartz in Montreal Gazette (February 10th, 2018) La sexualit\u00e9 au XXIe si\u00e8cle Article published by Pierre-Etienne Caza in Actualit\u00e9s UQAM [&hellip;]<\/p>\n","protected":false},"author":1,"featured_media":0,"parent":3690,"menu_order":0,"comment_status":"closed","ping_status":"open","template":"","meta":{"footnotes":""},"categories":[],"class_list":["post-473","page","type-page","status-publish","hentry"],"yoast_head":"<!-- This site is optimized with the Yoast SEO Premium plugin v27.4 (Yoast SEO v27.5) - https:\/\/yoast.com\/product\/yoast-seo-premium-wordpress\/ -->\n<title>Medias | Chaire de recherche du Canada en sexologie d\u00e9veloppementale | UQAM<\/title>\n<meta name=\"robots\" content=\"index, follow, max-snippet:-1, max-image-preview:large, max-video-preview:-1\" \/>\n<link rel=\"canonical\" href=\"https:\/\/marieaudeboislard.uqam.ca\/en\/diffusion\/medias-2\/\" \/>\n<meta property=\"og:locale\" content=\"en_US\" \/>\n<meta property=\"og:type\" content=\"article\" \/>\n<meta property=\"og:title\" content=\"Medias\" \/>\n<meta property=\"og:description\" content=\"Vierge \u00e0 20 ans, et alors ? Brief written by Chlo\u00e9 Machillot in Ch\u00e2telaine, Plan\u00e8te Femme section (July 1st, 2022) Montreal study looks at women who remain virgins later than most Article published by Susan Schwartz in Montreal Gazette (February 10th, 2018) La sexualit\u00e9 au XXIe si\u00e8cle Article published by Pierre-Etienne Caza in Actualit\u00e9s UQAM [&hellip;]\" \/>\n<meta property=\"og:url\" content=\"https:\/\/marieaudeboislard.uqam.ca\/en\/diffusion\/medias-2\/\" \/>\n<meta property=\"og:site_name\" content=\"Chaire de recherche du Canada en sexologie d\u00e9veloppementale\" \/>\n<meta property=\"article:modified_time\" content=\"2022-08-08T17:44:54+00:00\" \/>\n<meta property=\"og:image\" content=\"https:\/\/marieaudeboislard.uqam.ca\/wp-content\/uploads\/sites\/54\/2022\/08\/banniere_media-1-1024x265.png\" \/>\n<meta name=\"twitter:card\" content=\"summary_large_image\" \/>\n<meta name=\"twitter:label1\" content=\"Est. reading time\" \/>\n\t<meta name=\"twitter:data1\" content=\"2 minutes\" \/>\n<script type=\"application\/ld+json\" class=\"yoast-schema-graph\">{\"@context\":\"https:\\\/\\\/schema.org\",\"@graph\":[{\"@type\":\"WebPage\",\"@id\":\"https:\\\/\\\/marieaudeboislard.uqam.ca\\\/en\\\/diffusion\\\/medias-2\\\/\",\"url\":\"https:\\\/\\\/marieaudeboislard.uqam.ca\\\/en\\\/diffusion\\\/medias-2\\\/\",\"name\":\"Medias | Chaire de recherche du Canada en sexologie d\u00e9veloppementale | UQAM\",\"isPartOf\":{\"@id\":\"https:\\\/\\\/marieaudeboislard.uqam.ca\\\/#website\"},\"primaryImageOfPage\":{\"@id\":\"https:\\\/\\\/marieaudeboislard.uqam.ca\\\/en\\\/diffusion\\\/medias-2\\\/#primaryimage\"},\"image\":{\"@id\":\"https:\\\/\\\/marieaudeboislard.uqam.ca\\\/en\\\/diffusion\\\/medias-2\\\/#primaryimage\"},\"thumbnailUrl\":\"https:\\\/\\\/marieaudeboislard.uqam.ca\\\/wp-content\\\/uploads\\\/sites\\\/54\\\/2022\\\/08\\\/banniere_media-1-1024x265.png\",\"datePublished\":\"2016-11-13T23:38:24+00:00\",\"dateModified\":\"2022-08-08T17:44:54+00:00\",\"breadcrumb\":{\"@id\":\"https:\\\/\\\/marieaudeboislard.uqam.ca\\\/en\\\/diffusion\\\/medias-2\\\/#breadcrumb\"},\"inLanguage\":\"en-US\",\"potentialAction\":[{\"@type\":\"ReadAction\",\"target\":[\"https:\\\/\\\/marieaudeboislard.uqam.ca\\\/en\\\/diffusion\\\/medias-2\\\/\"]}]},{\"@type\":\"ImageObject\",\"inLanguage\":\"en-US\",\"@id\":\"https:\\\/\\\/marieaudeboislard.uqam.ca\\\/en\\\/diffusion\\\/medias-2\\\/#primaryimage\",\"url\":\"https:\\\/\\\/marieaudeboislard.uqam.ca\\\/wp-content\\\/uploads\\\/sites\\\/54\\\/2022\\\/08\\\/banniere_media-1-1024x265.png\",\"contentUrl\":\"https:\\\/\\\/marieaudeboislard.uqam.ca\\\/wp-content\\\/uploads\\\/sites\\\/54\\\/2022\\\/08\\\/banniere_media-1-1024x265.png\"},{\"@type\":\"BreadcrumbList\",\"@id\":\"https:\\\/\\\/marieaudeboislard.uqam.ca\\\/en\\\/diffusion\\\/medias-2\\\/#breadcrumb\",\"itemListElement\":[{\"@type\":\"ListItem\",\"position\":1,\"name\":\"UQAM\",\"item\":\"https:\\\/\\\/uqam.ca\"},{\"@type\":\"ListItem\",\"position\":2,\"name\":\"Chaire de recherche du Canada en sexologie d\u00e9veloppementale\",\"item\":\"https:\\\/\\\/marieaudeboislard.uqam.ca\\\/en\\\/\"},{\"@type\":\"ListItem\",\"position\":3,\"name\":\"Diffusion\",\"item\":\"https:\\\/\\\/marieaudeboislard.uqam.ca\\\/en\\\/diffusion\\\/\"},{\"@type\":\"ListItem\",\"position\":4,\"name\":\"Medias\"}]},{\"@type\":\"WebSite\",\"@id\":\"https:\\\/\\\/marieaudeboislard.uqam.ca\\\/#website\",\"url\":\"https:\\\/\\\/marieaudeboislard.uqam.ca\\\/\",\"name\":\"Chaire de recherche du Canada en sexologie d\u00e9veloppementale\",\"description\":\"\",\"publisher\":{\"@id\":\"https:\\\/\\\/marieaudeboislard.uqam.ca\\\/#organization\"},\"potentialAction\":[{\"@type\":\"SearchAction\",\"target\":{\"@type\":\"EntryPoint\",\"urlTemplate\":\"https:\\\/\\\/marieaudeboislard.uqam.ca\\\/en\\\/\\\/recherche\\\/?q={search_term_string}\"},\"query-input\":{\"@type\":\"PropertyValueSpecification\",\"valueRequired\":true,\"valueName\":\"search_term_string\"}}],\"inLanguage\":\"en-US\"},{\"@type\":\"Organization\",\"@id\":\"https:\\\/\\\/marieaudeboislard.uqam.ca\\\/#organization\",\"name\":\"Chaire de recherche en sexologie d\u00e9veloppementale\",\"url\":\"https:\\\/\\\/marieaudeboislard.uqam.ca\\\/\",\"logo\":{\"@type\":\"ImageObject\",\"inLanguage\":\"en-US\",\"@id\":\"https:\\\/\\\/marieaudeboislard.uqam.ca\\\/#\\\/schema\\\/logo\\\/image\\\/\",\"url\":\"https:\\\/\\\/gabarit-adaptatif.uqam.ca\\\/statique\\\/images\\\/logo-uqam.jpg\",\"contentUrl\":\"\",\"caption\":\"Chaire de recherche en sexologie d\u00e9veloppementale\"},\"image\":{\"@id\":\"https:\\\/\\\/marieaudeboislard.uqam.ca\\\/#\\\/schema\\\/logo\\\/image\\\/\"},\"parentOrganization\":{\"@type\":\"EducationalOrganization\",\"@id\":\"https:\\\/\\\/uqam.ca\\\/#organization\",\"name\":\"Universit\u00e9 du Qu\u00e9bec \u00e0 Montr\u00e9al\",\"url\":\"https:\\\/\\\/uqam.ca\",\"alternateName\":\"UQAM\",\"logo\":\"https:\\\/\\\/gabarit-adaptatif.uqam.ca\\\/statique\\\/images\\\/logo-uqam.jpg\"}}]}<\/script>\n<!-- \/ Yoast SEO Premium plugin. -->","yoast_head_json":{"title":"Medias | Chaire de recherche du Canada en sexologie d\u00e9veloppementale | UQAM","robots":{"index":"index","follow":"follow","max-snippet":"max-snippet:-1","max-image-preview":"max-image-preview:large","max-video-preview":"max-video-preview:-1"},"canonical":"https:\/\/marieaudeboislard.uqam.ca\/en\/diffusion\/medias-2\/","og_locale":"en_US","og_type":"article","og_title":"Medias","og_description":"Vierge \u00e0 20 ans, et alors ? Brief written by Chlo\u00e9 Machillot in Ch\u00e2telaine, Plan\u00e8te Femme section (July 1st, 2022) Montreal study looks at women who remain virgins later than most Article published by Susan Schwartz in Montreal Gazette (February 10th, 2018) La sexualit\u00e9 au XXIe si\u00e8cle Article published by Pierre-Etienne Caza in Actualit\u00e9s UQAM [&hellip;]","og_url":"https:\/\/marieaudeboislard.uqam.ca\/en\/diffusion\/medias-2\/","og_site_name":"Chaire de recherche du Canada en sexologie d\u00e9veloppementale","article_modified_time":"2022-08-08T17:44:54+00:00","og_image":[{"url":"https:\/\/marieaudeboislard.uqam.ca\/wp-content\/uploads\/sites\/54\/2022\/08\/banniere_media-1-1024x265.png","type":"","width":"","height":""}],"twitter_card":"summary_large_image","twitter_misc":{"Est. reading time":"2 minutes"},"schema":{"@context":"https:\/\/schema.org","@graph":[{"@type":"WebPage","@id":"https:\/\/marieaudeboislard.uqam.ca\/en\/diffusion\/medias-2\/","url":"https:\/\/marieaudeboislard.uqam.ca\/en\/diffusion\/medias-2\/","name":"Medias | Chaire de recherche du Canada en sexologie d\u00e9veloppementale | UQAM","isPartOf":{"@id":"https:\/\/marieaudeboislard.uqam.ca\/#website"},"primaryImageOfPage":{"@id":"https:\/\/marieaudeboislard.uqam.ca\/en\/diffusion\/medias-2\/#primaryimage"},"image":{"@id":"https:\/\/marieaudeboislard.uqam.ca\/en\/diffusion\/medias-2\/#primaryimage"},"thumbnailUrl":"https:\/\/marieaudeboislard.uqam.ca\/wp-content\/uploads\/sites\/54\/2022\/08\/banniere_media-1-1024x265.png","datePublished":"2016-11-13T23:38:24+00:00","dateModified":"2022-08-08T17:44:54+00:00","breadcrumb":{"@id":"https:\/\/marieaudeboislard.uqam.ca\/en\/diffusion\/medias-2\/#breadcrumb"},"inLanguage":"en-US","potentialAction":[{"@type":"ReadAction","target":["https:\/\/marieaudeboislard.uqam.ca\/en\/diffusion\/medias-2\/"]}]},{"@type":"ImageObject","inLanguage":"en-US","@id":"https:\/\/marieaudeboislard.uqam.ca\/en\/diffusion\/medias-2\/#primaryimage","url":"https:\/\/marieaudeboislard.uqam.ca\/wp-content\/uploads\/sites\/54\/2022\/08\/banniere_media-1-1024x265.png","contentUrl":"https:\/\/marieaudeboislard.uqam.ca\/wp-content\/uploads\/sites\/54\/2022\/08\/banniere_media-1-1024x265.png"},{"@type":"BreadcrumbList","@id":"https:\/\/marieaudeboislard.uqam.ca\/en\/diffusion\/medias-2\/#breadcrumb","itemListElement":[{"@type":"ListItem","position":1,"name":"UQAM","item":"https:\/\/uqam.ca"},{"@type":"ListItem","position":2,"name":"Chaire de recherche du Canada en sexologie d\u00e9veloppementale","item":"https:\/\/marieaudeboislard.uqam.ca\/en\/"},{"@type":"ListItem","position":3,"name":"Diffusion","item":"https:\/\/marieaudeboislard.uqam.ca\/en\/diffusion\/"},{"@type":"ListItem","position":4,"name":"Medias"}]},{"@type":"WebSite","@id":"https:\/\/marieaudeboislard.uqam.ca\/#website","url":"https:\/\/marieaudeboislard.uqam.ca\/","name":"Chaire de recherche du Canada en sexologie d\u00e9veloppementale","description":"","publisher":{"@id":"https:\/\/marieaudeboislard.uqam.ca\/#organization"},"potentialAction":[{"@type":"SearchAction","target":{"@type":"EntryPoint","urlTemplate":"https:\/\/marieaudeboislard.uqam.ca\/en\/\/recherche\/?q={search_term_string}"},"query-input":{"@type":"PropertyValueSpecification","valueRequired":true,"valueName":"search_term_string"}}],"inLanguage":"en-US"},{"@type":"Organization","@id":"https:\/\/marieaudeboislard.uqam.ca\/#organization","name":"Chaire de recherche en sexologie d\u00e9veloppementale","url":"https:\/\/marieaudeboislard.uqam.ca\/","logo":{"@type":"ImageObject","inLanguage":"en-US","@id":"https:\/\/marieaudeboislard.uqam.ca\/#\/schema\/logo\/image\/","url":"https:\/\/gabarit-adaptatif.uqam.ca\/statique\/images\/logo-uqam.jpg","contentUrl":"","caption":"Chaire de recherche en sexologie d\u00e9veloppementale"},"image":{"@id":"https:\/\/marieaudeboislard.uqam.ca\/#\/schema\/logo\/image\/"},"parentOrganization":{"@type":"EducationalOrganization","@id":"https:\/\/uqam.ca\/#organization","name":"Universit\u00e9 du Qu\u00e9bec \u00e0 Montr\u00e9al","url":"https:\/\/uqam.ca","alternateName":"UQAM","logo":"https:\/\/gabarit-adaptatif.uqam.ca\/statique\/images\/logo-uqam.jpg"}}]}},"_links":{"self":[{"href":"https:\/\/marieaudeboislard.uqam.ca\/en\/wp-json\/wp\/v2\/pages\/473","targetHints":{"allow":["GET"]}}],"collection":[{"href":"https:\/\/marieaudeboislard.uqam.ca\/en\/wp-json\/wp\/v2\/pages"}],"about":[{"href":"https:\/\/marieaudeboislard.uqam.ca\/en\/wp-json\/wp\/v2\/types\/page"}],"author":[{"embeddable":true,"href":"https:\/\/marieaudeboislard.uqam.ca\/en\/wp-json\/wp\/v2\/users\/1"}],"replies":[{"embeddable":true,"href":"https:\/\/marieaudeboislard.uqam.ca\/en\/wp-json\/wp\/v2\/comments?post=473"}],"version-history":[{"count":9,"href":"https:\/\/marieaudeboislard.uqam.ca\/en\/wp-json\/wp\/v2\/pages\/473\/revisions"}],"predecessor-version":[{"id":3654,"href":"https:\/\/marieaudeboislard.uqam.ca\/en\/wp-json\/wp\/v2\/pages\/473\/revisions\/3654"}],"up":[{"embeddable":true,"href":"https:\/\/marieaudeboislard.uqam.ca\/en\/wp-json\/wp\/v2\/pages\/3690"}],"wp:attachment":[{"href":"https:\/\/marieaudeboislard.uqam.ca\/en\/wp-json\/wp\/v2\/media?parent=473"}],"wp:term":[{"taxonomy":"category","embeddable":true,"href":"https:\/\/marieaudeboislard.uqam.ca\/en\/wp-json\/wp\/v2\/categories?post=473"}],"curies":[{"name":"wp","href":"https:\/\/api.w.org\/{rel}","templated":true}]}}