{"id":477,"date":"2022-07-12T14:18:02","date_gmt":"2022-07-12T14:18:02","guid":{"rendered":"https:\/\/desaj.uqam.ca\/?page_id=477&#038;lang=en"},"modified":"2022-07-12T14:19:43","modified_gmt":"2022-07-12T14:19:43","slug":"project-virginity","status":"publish","type":"page","link":"https:\/\/marieaudeboislard.uqam.ca\/en\/project-virginity\/","title":{"rendered":"Project Virginity"},"content":{"rendered":"<p style=\"text-align: left\">Main researcher: Marie-Aude Boislard, Ph.D.<\/p>\n<p style=\"text-align: left\"><span class=\"Apple-style-span\">Co-researchers: Myl\u00e8ne Fernet, Ph.D.; Christine Tho\u00ebr, Ph.D. <\/span><\/p>\n<p style=\"text-align: left\"><span class=\"Apple-style-span\">Collaborator: Isabelle Boisvert, Ph.D. <\/span><\/p>\n<p style=\"text-align: left\"><span class=\"Apple-style-span\">Research assistant: Carl Rodrigue, M.A.<\/span><\/p>\n<p style=\"text-align: left\">Students associated to the project: Melissa Anne Fuller, B.A., M.A. (c); Ashrah Lucas, B.A., Ph.D. (c)<\/p>\n<p style=\"text-align: justify\">Th\u00e8me of the&nbsp;project: Developmental desynchronization among virgin adults<\/p>\n<p style=\"text-align: justify\">Main objective: To better understand the connections between virginity, psychosocial adjustment and mental and sexual health<\/p>\n<p style=\"text-align: justify\">Developmental theories and life-course approaches suggest that individuals completing a normative transition in a different timeframe than their peers are more at risk of having relational or health problems. When not the result of a personal choice, studies indicate that belated virginity <span class=\"VIiyi\" lang=\"en\"><span class=\"JLqJ4b\" data-language-for-alternatives=\"en\" data-language-to-translate-into=\"fr\" data-phrase-index=\"0\" data-number-of-phrases=\"1\"><span class=\"Q4iAWc\">suggests that individuals making a normative transition at an age that is out of step with their peers are at increased risk for relationship and health problems. Although some studies reveal that late virginity, when it is not a matter of personal choice, can be associated with problems of anxiety disorders, social withdrawal and obesity, we still know little about the correlates and various profiles of adult virginity, and on the specific needs of these individuals in terms of health and sexuality education. Thus, this research program pursues five objectives: <\/span><\/span><\/span><\/p>\n<p><span class=\"VIiyi\" lang=\"en\"><span class=\"JLqJ4b\" data-language-for-alternatives=\"en\" data-language-to-translate-into=\"fr\" data-phrase-index=\"0\" data-number-of-phrases=\"1\"><span class=\"Q4iAWc\">1) document the disparities in the psychosocial trajectories of young adults whose sexual debut is out of sync with others <\/span><\/span><\/span><\/p>\n<p><span class=\"VIiyi\" lang=\"en\"><span class=\"JLqJ4b\" data-language-for-alternatives=\"en\" data-language-to-translate-into=\"fr\" data-phrase-index=\"0\" data-number-of-phrases=\"1\"><span class=\"Q4iAWc\">2) identify the various psychosexual profiles of adult virgins <\/span><\/span><\/span><\/p>\n<p><span class=\"VIiyi\" lang=\"en\"><span class=\"JLqJ4b\" data-language-for-alternatives=\"en\" data-language-to-translate-into=\"fr\" data-phrase-index=\"0\" data-number-of-phrases=\"1\"><span class=\"Q4iAWc\">3) examine gender differences in the subjective experience of virginity and associated factors <\/span><\/span><\/span><\/p>\n<p><span class=\"VIiyi\" lang=\"en\"><span class=\"JLqJ4b\" data-language-for-alternatives=\"en\" data-language-to-translate-into=\"fr\" data-phrase-index=\"0\" data-number-of-phrases=\"1\"><span class=\"Q4iAWc\">4) examine the socio-historical links between religious beliefs and virginity in early adulthood <\/span><\/span><\/span><\/p>\n<p><span class=\"VIiyi\" lang=\"en\"><span class=\"JLqJ4b\" data-language-for-alternatives=\"en\" data-language-to-translate-into=\"fr\" data-phrase-index=\"0\" data-number-of-phrases=\"1\"><span class=\"Q4iAWc\">5) explore the meaning that specific subgroups of adults place on their virginity.<\/span><\/span><\/span><\/p>\n<p style=\"text-align: justify\"><img loading=\"lazy\" decoding=\"async\" class=\"alignleft wp-image-442 size-large\" src=\"https:\/\/desaj.uqam.ca\/wp-content\/uploads\/2015\/07\/SSHRC-CRSH_FIP-1024x43.jpg\" alt=\"sshrc-crsh_fip\" width=\"600\" height=\"25\"><\/p>\n","protected":false},"excerpt":{"rendered":"<p>Main researcher: Marie-Aude Boislard, Ph.D. Co-researchers: Myl\u00e8ne Fernet, Ph.D.; Christine Tho\u00ebr, Ph.D. Collaborator: Isabelle Boisvert, Ph.D. Research assistant: Carl Rodrigue, M.A. Students associated to the project: Melissa Anne Fuller, B.A., M.A. (c); Ashrah Lucas, B.A., Ph.D. (c) Th\u00e8me of the&nbsp;project: Developmental desynchronization among virgin adults Main objective: To better understand the connections between virginity, psychosocial [&hellip;]<\/p>\n","protected":false},"author":1,"featured_media":0,"parent":0,"menu_order":0,"comment_status":"closed","ping_status":"closed","template":"","meta":{"footnotes":""},"categories":[],"class_list":["post-477","page","type-page","status-publish","hentry"],"yoast_head":"<!-- This site is optimized with the Yoast SEO Premium plugin v27.4 (Yoast SEO v27.5) - https:\/\/yoast.com\/product\/yoast-seo-premium-wordpress\/ -->\n<title>Project Virginity | Chaire de recherche du Canada en sexologie d\u00e9veloppementale | UQAM<\/title>\n<meta name=\"robots\" content=\"index, follow, max-snippet:-1, max-image-preview:large, max-video-preview:-1\" \/>\n<link rel=\"canonical\" href=\"https:\/\/marieaudeboislard.uqam.ca\/en\/project-virginity\/\" \/>\n<meta property=\"og:locale\" content=\"en_US\" \/>\n<meta property=\"og:type\" content=\"article\" \/>\n<meta property=\"og:title\" content=\"Project Virginity\" \/>\n<meta property=\"og:description\" content=\"Main researcher: Marie-Aude Boislard, Ph.D. Co-researchers: Myl\u00e8ne Fernet, Ph.D.; Christine Tho\u00ebr, Ph.D. Collaborator: Isabelle Boisvert, Ph.D. Research assistant: Carl Rodrigue, M.A. Students associated to the project: Melissa Anne Fuller, B.A., M.A. (c); Ashrah Lucas, B.A., Ph.D. (c) Th\u00e8me of the&nbsp;project: Developmental desynchronization among virgin adults Main objective: To better understand the connections between virginity, psychosocial [&hellip;]\" \/>\n<meta property=\"og:url\" content=\"https:\/\/marieaudeboislard.uqam.ca\/en\/project-virginity\/\" \/>\n<meta property=\"og:site_name\" content=\"Chaire de recherche du Canada en sexologie d\u00e9veloppementale\" \/>\n<meta property=\"article:modified_time\" content=\"2022-07-12T14:19:43+00:00\" \/>\n<meta property=\"og:image\" content=\"https:\/\/desaj.uqam.ca\/wp-content\/uploads\/2015\/07\/SSHRC-CRSH_FIP-1024x43.jpg\" \/>\n<meta name=\"twitter:card\" content=\"summary_large_image\" \/>\n<meta name=\"twitter:label1\" content=\"Est. reading time\" \/>\n\t<meta name=\"twitter:data1\" content=\"2 minutes\" \/>\n<script type=\"application\/ld+json\" class=\"yoast-schema-graph\">{\"@context\":\"https:\\\/\\\/schema.org\",\"@graph\":[{\"@type\":\"WebPage\",\"@id\":\"https:\\\/\\\/marieaudeboislard.uqam.ca\\\/en\\\/project-virginity\\\/\",\"url\":\"https:\\\/\\\/marieaudeboislard.uqam.ca\\\/en\\\/project-virginity\\\/\",\"name\":\"Project Virginity | Chaire de recherche du Canada en sexologie d\u00e9veloppementale | UQAM\",\"isPartOf\":{\"@id\":\"https:\\\/\\\/marieaudeboislard.uqam.ca\\\/#website\"},\"primaryImageOfPage\":{\"@id\":\"https:\\\/\\\/marieaudeboislard.uqam.ca\\\/en\\\/project-virginity\\\/#primaryimage\"},\"image\":{\"@id\":\"https:\\\/\\\/marieaudeboislard.uqam.ca\\\/en\\\/project-virginity\\\/#primaryimage\"},\"thumbnailUrl\":\"https:\\\/\\\/desaj.uqam.ca\\\/wp-content\\\/uploads\\\/2015\\\/07\\\/SSHRC-CRSH_FIP-1024x43.jpg\",\"datePublished\":\"2022-07-12T14:18:02+00:00\",\"dateModified\":\"2022-07-12T14:19:43+00:00\",\"breadcrumb\":{\"@id\":\"https:\\\/\\\/marieaudeboislard.uqam.ca\\\/en\\\/project-virginity\\\/#breadcrumb\"},\"inLanguage\":\"en-US\",\"potentialAction\":[{\"@type\":\"ReadAction\",\"target\":[\"https:\\\/\\\/marieaudeboislard.uqam.ca\\\/en\\\/project-virginity\\\/\"]}]},{\"@type\":\"ImageObject\",\"inLanguage\":\"en-US\",\"@id\":\"https:\\\/\\\/marieaudeboislard.uqam.ca\\\/en\\\/project-virginity\\\/#primaryimage\",\"url\":\"https:\\\/\\\/desaj.uqam.ca\\\/wp-content\\\/uploads\\\/2015\\\/07\\\/SSHRC-CRSH_FIP-1024x43.jpg\",\"contentUrl\":\"https:\\\/\\\/desaj.uqam.ca\\\/wp-content\\\/uploads\\\/2015\\\/07\\\/SSHRC-CRSH_FIP-1024x43.jpg\"},{\"@type\":\"BreadcrumbList\",\"@id\":\"https:\\\/\\\/marieaudeboislard.uqam.ca\\\/en\\\/project-virginity\\\/#breadcrumb\",\"itemListElement\":[{\"@type\":\"ListItem\",\"position\":1,\"name\":\"UQAM\",\"item\":\"https:\\\/\\\/uqam.ca\"},{\"@type\":\"ListItem\",\"position\":2,\"name\":\"Chaire de recherche du Canada en sexologie d\u00e9veloppementale\",\"item\":\"https:\\\/\\\/marieaudeboislard.uqam.ca\\\/en\\\/\"},{\"@type\":\"ListItem\",\"position\":3,\"name\":\"Project Virginity\"}]},{\"@type\":\"WebSite\",\"@id\":\"https:\\\/\\\/marieaudeboislard.uqam.ca\\\/#website\",\"url\":\"https:\\\/\\\/marieaudeboislard.uqam.ca\\\/\",\"name\":\"Chaire de recherche du Canada en sexologie d\u00e9veloppementale\",\"description\":\"\",\"publisher\":{\"@id\":\"https:\\\/\\\/marieaudeboislard.uqam.ca\\\/#organization\"},\"potentialAction\":[{\"@type\":\"SearchAction\",\"target\":{\"@type\":\"EntryPoint\",\"urlTemplate\":\"https:\\\/\\\/marieaudeboislard.uqam.ca\\\/en\\\/\\\/recherche\\\/?q={search_term_string}\"},\"query-input\":{\"@type\":\"PropertyValueSpecification\",\"valueRequired\":true,\"valueName\":\"search_term_string\"}}],\"inLanguage\":\"en-US\"},{\"@type\":\"Organization\",\"@id\":\"https:\\\/\\\/marieaudeboislard.uqam.ca\\\/#organization\",\"name\":\"Chaire de recherche en sexologie d\u00e9veloppementale\",\"url\":\"https:\\\/\\\/marieaudeboislard.uqam.ca\\\/\",\"logo\":{\"@type\":\"ImageObject\",\"inLanguage\":\"en-US\",\"@id\":\"https:\\\/\\\/marieaudeboislard.uqam.ca\\\/#\\\/schema\\\/logo\\\/image\\\/\",\"url\":\"https:\\\/\\\/gabarit-adaptatif.uqam.ca\\\/statique\\\/images\\\/logo-uqam.jpg\",\"contentUrl\":\"\",\"caption\":\"Chaire de recherche en sexologie d\u00e9veloppementale\"},\"image\":{\"@id\":\"https:\\\/\\\/marieaudeboislard.uqam.ca\\\/#\\\/schema\\\/logo\\\/image\\\/\"},\"parentOrganization\":{\"@type\":\"EducationalOrganization\",\"@id\":\"https:\\\/\\\/uqam.ca\\\/#organization\",\"name\":\"Universit\u00e9 du Qu\u00e9bec \u00e0 Montr\u00e9al\",\"url\":\"https:\\\/\\\/uqam.ca\",\"alternateName\":\"UQAM\",\"logo\":\"https:\\\/\\\/gabarit-adaptatif.uqam.ca\\\/statique\\\/images\\\/logo-uqam.jpg\"}}]}<\/script>\n<!-- \/ Yoast SEO Premium plugin. -->","yoast_head_json":{"title":"Project Virginity | Chaire de recherche du Canada en sexologie d\u00e9veloppementale | UQAM","robots":{"index":"index","follow":"follow","max-snippet":"max-snippet:-1","max-image-preview":"max-image-preview:large","max-video-preview":"max-video-preview:-1"},"canonical":"https:\/\/marieaudeboislard.uqam.ca\/en\/project-virginity\/","og_locale":"en_US","og_type":"article","og_title":"Project Virginity","og_description":"Main researcher: Marie-Aude Boislard, Ph.D. Co-researchers: Myl\u00e8ne Fernet, Ph.D.; Christine Tho\u00ebr, Ph.D. Collaborator: Isabelle Boisvert, Ph.D. Research assistant: Carl Rodrigue, M.A. Students associated to the project: Melissa Anne Fuller, B.A., M.A. (c); Ashrah Lucas, B.A., Ph.D. (c) Th\u00e8me of the&nbsp;project: Developmental desynchronization among virgin adults Main objective: To better understand the connections between virginity, psychosocial [&hellip;]","og_url":"https:\/\/marieaudeboislard.uqam.ca\/en\/project-virginity\/","og_site_name":"Chaire de recherche du Canada en sexologie d\u00e9veloppementale","article_modified_time":"2022-07-12T14:19:43+00:00","og_image":[{"url":"https:\/\/desaj.uqam.ca\/wp-content\/uploads\/2015\/07\/SSHRC-CRSH_FIP-1024x43.jpg","type":"","width":"","height":""}],"twitter_card":"summary_large_image","twitter_misc":{"Est. reading time":"2 minutes"},"schema":{"@context":"https:\/\/schema.org","@graph":[{"@type":"WebPage","@id":"https:\/\/marieaudeboislard.uqam.ca\/en\/project-virginity\/","url":"https:\/\/marieaudeboislard.uqam.ca\/en\/project-virginity\/","name":"Project Virginity | Chaire de recherche du Canada en sexologie d\u00e9veloppementale | UQAM","isPartOf":{"@id":"https:\/\/marieaudeboislard.uqam.ca\/#website"},"primaryImageOfPage":{"@id":"https:\/\/marieaudeboislard.uqam.ca\/en\/project-virginity\/#primaryimage"},"image":{"@id":"https:\/\/marieaudeboislard.uqam.ca\/en\/project-virginity\/#primaryimage"},"thumbnailUrl":"https:\/\/desaj.uqam.ca\/wp-content\/uploads\/2015\/07\/SSHRC-CRSH_FIP-1024x43.jpg","datePublished":"2022-07-12T14:18:02+00:00","dateModified":"2022-07-12T14:19:43+00:00","breadcrumb":{"@id":"https:\/\/marieaudeboislard.uqam.ca\/en\/project-virginity\/#breadcrumb"},"inLanguage":"en-US","potentialAction":[{"@type":"ReadAction","target":["https:\/\/marieaudeboislard.uqam.ca\/en\/project-virginity\/"]}]},{"@type":"ImageObject","inLanguage":"en-US","@id":"https:\/\/marieaudeboislard.uqam.ca\/en\/project-virginity\/#primaryimage","url":"https:\/\/desaj.uqam.ca\/wp-content\/uploads\/2015\/07\/SSHRC-CRSH_FIP-1024x43.jpg","contentUrl":"https:\/\/desaj.uqam.ca\/wp-content\/uploads\/2015\/07\/SSHRC-CRSH_FIP-1024x43.jpg"},{"@type":"BreadcrumbList","@id":"https:\/\/marieaudeboislard.uqam.ca\/en\/project-virginity\/#breadcrumb","itemListElement":[{"@type":"ListItem","position":1,"name":"UQAM","item":"https:\/\/uqam.ca"},{"@type":"ListItem","position":2,"name":"Chaire de recherche du Canada en sexologie d\u00e9veloppementale","item":"https:\/\/marieaudeboislard.uqam.ca\/en\/"},{"@type":"ListItem","position":3,"name":"Project Virginity"}]},{"@type":"WebSite","@id":"https:\/\/marieaudeboislard.uqam.ca\/#website","url":"https:\/\/marieaudeboislard.uqam.ca\/","name":"Chaire de recherche du Canada en sexologie d\u00e9veloppementale","description":"","publisher":{"@id":"https:\/\/marieaudeboislard.uqam.ca\/#organization"},"potentialAction":[{"@type":"SearchAction","target":{"@type":"EntryPoint","urlTemplate":"https:\/\/marieaudeboislard.uqam.ca\/en\/\/recherche\/?q={search_term_string}"},"query-input":{"@type":"PropertyValueSpecification","valueRequired":true,"valueName":"search_term_string"}}],"inLanguage":"en-US"},{"@type":"Organization","@id":"https:\/\/marieaudeboislard.uqam.ca\/#organization","name":"Chaire de recherche en sexologie d\u00e9veloppementale","url":"https:\/\/marieaudeboislard.uqam.ca\/","logo":{"@type":"ImageObject","inLanguage":"en-US","@id":"https:\/\/marieaudeboislard.uqam.ca\/#\/schema\/logo\/image\/","url":"https:\/\/gabarit-adaptatif.uqam.ca\/statique\/images\/logo-uqam.jpg","contentUrl":"","caption":"Chaire de recherche en sexologie d\u00e9veloppementale"},"image":{"@id":"https:\/\/marieaudeboislard.uqam.ca\/#\/schema\/logo\/image\/"},"parentOrganization":{"@type":"EducationalOrganization","@id":"https:\/\/uqam.ca\/#organization","name":"Universit\u00e9 du Qu\u00e9bec \u00e0 Montr\u00e9al","url":"https:\/\/uqam.ca","alternateName":"UQAM","logo":"https:\/\/gabarit-adaptatif.uqam.ca\/statique\/images\/logo-uqam.jpg"}}]}},"_links":{"self":[{"href":"https:\/\/marieaudeboislard.uqam.ca\/en\/wp-json\/wp\/v2\/pages\/477","targetHints":{"allow":["GET"]}}],"collection":[{"href":"https:\/\/marieaudeboislard.uqam.ca\/en\/wp-json\/wp\/v2\/pages"}],"about":[{"href":"https:\/\/marieaudeboislard.uqam.ca\/en\/wp-json\/wp\/v2\/types\/page"}],"author":[{"embeddable":true,"href":"https:\/\/marieaudeboislard.uqam.ca\/en\/wp-json\/wp\/v2\/users\/1"}],"replies":[{"embeddable":true,"href":"https:\/\/marieaudeboislard.uqam.ca\/en\/wp-json\/wp\/v2\/comments?post=477"}],"version-history":[{"count":2,"href":"https:\/\/marieaudeboislard.uqam.ca\/en\/wp-json\/wp\/v2\/pages\/477\/revisions"}],"predecessor-version":[{"id":3402,"href":"https:\/\/marieaudeboislard.uqam.ca\/en\/wp-json\/wp\/v2\/pages\/477\/revisions\/3402"}],"wp:attachment":[{"href":"https:\/\/marieaudeboislard.uqam.ca\/en\/wp-json\/wp\/v2\/media?parent=477"}],"wp:term":[{"taxonomy":"category","embeddable":true,"href":"https:\/\/marieaudeboislard.uqam.ca\/en\/wp-json\/wp\/v2\/categories?post=477"}],"curies":[{"name":"wp","href":"https:\/\/api.w.org\/{rel}","templated":true}]}}